{"id":8361,"date":"2024-12-25T20:37:27","date_gmt":"2024-12-25T20:37:27","guid":{"rendered":"https:\/\/euroclass.soccer\/torneos-internacionales\/"},"modified":"2024-12-26T20:30:05","modified_gmt":"2024-12-26T20:30:05","slug":"torneos-internacionales","status":"publish","type":"page","link":"https:\/\/euroclass.soccer\/es\/torneos-internacionales\/","title":{"rendered":"Torneos internacionales"},"content":{"rendered":"\t\t<div data-elementor-type=\"wp-page\" data-elementor-id=\"8361\" class=\"elementor elementor-8361 elementor-8283\" data-elementor-settings=\"{&quot;ha_cmc_init_switcher&quot;:&quot;no&quot;}\" data-elementor-post-type=\"page\">\n\t\t\t\t\t\t<section class=\"elementor-section elementor-top-section elementor-element elementor-element-e1716e8 elementor-section-height-min-height elementor-section-full_width elementor-section-height-default elementor-section-items-middle\" data-id=\"e1716e8\" data-element_type=\"section\" data-e-type=\"section\" data-settings=\"{&quot;background_background&quot;:&quot;video&quot;,&quot;background_video_link&quot;:&quot;https:\\\/\\\/euroclass.soccer\\\/wp-content\\\/uploads\\\/2024\\\/12\\\/1217.mp4&quot;,&quot;background_play_once&quot;:&quot;yes&quot;,&quot;background_play_on_mobile&quot;:&quot;yes&quot;,&quot;background_privacy_mode&quot;:&quot;yes&quot;}\">\n\t\t\t\t\t\t\t\t<div class=\"elementor-background-video-container\">\n\t\t\t\t\t\t\t\t\t\t\t\t\t<video class=\"elementor-background-video-hosted\" role=\"presentation\" autoplay muted playsinline><\/video>\n\t\t\t\t\t\t\t\t\t\t\t<\/div>\n\t\t\t\t\t\t\t\t\t<div class=\"elementor-background-overlay\"><\/div>\n\t\t\t\t\t\t\t<div class=\"elementor-container elementor-column-gap-no\">\n\t\t\t\t\t<div class=\"elementor-column elementor-col-100 elementor-top-column elementor-element elementor-element-7b99064\" data-id=\"7b99064\" data-element_type=\"column\" data-e-type=\"column\">\n\t\t\t<div class=\"elementor-widget-wrap\">\n\t\t\t\t\t\t\t<\/div>\n\t\t<\/div>\n\t\t\t\t\t<\/div>\n\t\t<\/section>\n\t\t\t\t<section class=\"elementor-section elementor-top-section elementor-element elementor-element-76549ad elementor-section-boxed elementor-section-height-default elementor-section-height-default\" data-id=\"76549ad\" data-element_type=\"section\" data-e-type=\"section\">\n\t\t\t\t\t\t<div class=\"elementor-container elementor-column-gap-default\">\n\t\t\t\t\t<div class=\"elementor-column elementor-col-100 elementor-top-column elementor-element elementor-element-41680cf\" data-id=\"41680cf\" data-element_type=\"column\" data-e-type=\"column\" data-settings=\"{&quot;background_background&quot;:&quot;classic&quot;}\">\n\t\t\t<div class=\"elementor-widget-wrap elementor-element-populated\">\n\t\t\t\t\t\t<div class=\"elementor-element elementor-element-434f40e elementor-widget elementor-widget-heading\" data-id=\"434f40e\" data-element_type=\"widget\" data-e-type=\"widget\" data-widget_type=\"heading.default\">\n\t\t\t\t<div class=\"elementor-widget-container\">\n\t\t\t\t\t<h2 class=\"elementor-heading-title elementor-size-default\">torneos internacionales<\/h2>\t\t\t\t<\/div>\n\t\t\t\t<\/div>\n\t\t\t\t\t<\/div>\n\t\t<\/div>\n\t\t\t\t\t<\/div>\n\t\t<\/section>\n\t\t\t\t<section class=\"elementor-section elementor-top-section elementor-element elementor-element-d2ee5db elementor-section-boxed elementor-section-height-default elementor-section-height-default\" data-id=\"d2ee5db\" data-element_type=\"section\" data-e-type=\"section\">\n\t\t\t\t\t\t<div class=\"elementor-container elementor-column-gap-default\">\n\t\t\t\t\t<div class=\"elementor-column elementor-col-100 elementor-top-column elementor-element elementor-element-d3733c9\" data-id=\"d3733c9\" data-element_type=\"column\" data-e-type=\"column\">\n\t\t\t<div class=\"elementor-widget-wrap elementor-element-populated\">\n\t\t\t\t\t\t<section class=\"elementor-section elementor-inner-section elementor-element elementor-element-2247044 elementor-section-boxed elementor-section-height-default elementor-section-height-default\" data-id=\"2247044\" data-element_type=\"section\" data-e-type=\"section\">\n\t\t\t\t\t\t<div class=\"elementor-container elementor-column-gap-default\">\n\t\t\t\t\t<div class=\"elementor-column elementor-col-100 elementor-inner-column elementor-element elementor-element-e4ac222\" data-id=\"e4ac222\" data-element_type=\"column\" data-e-type=\"column\">\n\t\t\t<div class=\"elementor-widget-wrap elementor-element-populated\">\n\t\t\t\t\t\t<div class=\"elementor-element elementor-element-8e370e9 elementor-widget elementor-widget-spacer\" data-id=\"8e370e9\" data-element_type=\"widget\" data-e-type=\"widget\" data-widget_type=\"spacer.default\">\n\t\t\t\t<div class=\"elementor-widget-container\">\n\t\t\t\t\t\t\t<div class=\"elementor-spacer\">\n\t\t\t<div class=\"elementor-spacer-inner\"><\/div>\n\t\t<\/div>\n\t\t\t\t\t\t<\/div>\n\t\t\t\t<\/div>\n\t\t\t\t\t<\/div>\n\t\t<\/div>\n\t\t\t\t\t<\/div>\n\t\t<\/section>\n\t\t\t\t<section class=\"elementor-section elementor-inner-section elementor-element elementor-element-c3b136b elementor-section-boxed elementor-section-height-default elementor-section-height-default\" data-id=\"c3b136b\" data-element_type=\"section\" data-e-type=\"section\">\n\t\t\t\t\t\t<div class=\"elementor-container elementor-column-gap-default\">\n\t\t\t\t\t<div class=\"elementor-column elementor-col-50 elementor-inner-column elementor-element elementor-element-7ab2fd5\" data-id=\"7ab2fd5\" data-element_type=\"column\" data-e-type=\"column\">\n\t\t\t<div class=\"elementor-widget-wrap elementor-element-populated\">\n\t\t\t\t\t\t<div class=\"elementor-element elementor-element-8594c07 elementor-widget elementor-widget-spacer\" data-id=\"8594c07\" data-element_type=\"widget\" data-e-type=\"widget\" data-widget_type=\"spacer.default\">\n\t\t\t\t<div class=\"elementor-widget-container\">\n\t\t\t\t\t\t\t<div class=\"elementor-spacer\">\n\t\t\t<div class=\"elementor-spacer-inner\"><\/div>\n\t\t<\/div>\n\t\t\t\t\t\t<\/div>\n\t\t\t\t<\/div>\n\t\t\t\t<div class=\"elementor-element elementor-element-d8fb0f7 elementor-widget elementor-widget-image\" data-id=\"d8fb0f7\" data-element_type=\"widget\" data-e-type=\"widget\" data-widget_type=\"image.default\">\n\t\t\t\t<div class=\"elementor-widget-container\">\n\t\t\t\t\t\t\t\t\t\t\t\t\t\t\t<img fetchpriority=\"high\" decoding=\"async\" width=\"800\" height=\"600\" src=\"https:\/\/euroclass.soccer\/wp-content\/uploads\/2024\/12\/IMG_1902-1024x768.jpeg\" class=\"attachment-large size-large wp-image-7440\" alt=\"Photo de l&#039;academie en Espagne 2024\" srcset=\"https:\/\/euroclass.soccer\/wp-content\/uploads\/2024\/12\/IMG_1902-1024x768.jpeg 1024w, https:\/\/euroclass.soccer\/wp-content\/uploads\/2024\/12\/IMG_1902-300x225.jpeg 300w, https:\/\/euroclass.soccer\/wp-content\/uploads\/2024\/12\/IMG_1902-768x576.jpeg 768w, https:\/\/euroclass.soccer\/wp-content\/uploads\/2024\/12\/IMG_1902-1536x1152.jpeg 1536w, https:\/\/euroclass.soccer\/wp-content\/uploads\/2024\/12\/IMG_1902-2048x1536.jpeg 2048w\" sizes=\"(max-width: 800px) 100vw, 800px\" title=\"\">\t\t\t\t\t\t\t\t\t\t\t\t\t\t\t<\/div>\n\t\t\t\t<\/div>\n\t\t\t\t\t<\/div>\n\t\t<\/div>\n\t\t\t\t<div class=\"elementor-column elementor-col-50 elementor-inner-column elementor-element elementor-element-cd24825\" data-id=\"cd24825\" data-element_type=\"column\" data-e-type=\"column\" data-settings=\"{&quot;background_background&quot;:&quot;classic&quot;}\">\n\t\t\t<div class=\"elementor-widget-wrap elementor-element-populated\">\n\t\t\t\t\t\t<div class=\"elementor-element elementor-element-78b76da elementor-widget elementor-widget-text-editor\" data-id=\"78b76da\" data-element_type=\"widget\" data-e-type=\"widget\" data-widget_type=\"text-editor.default\">\n\t\t\t\t<div class=\"elementor-widget-container\">\n\t\t\t\t\t\t\t\t\t<p class=\"p1\"><b>Viaje EuroClass 2026: \u00a1Una experiencia \u00fanica por venir!<\/b><b><\/b><\/p>\n<p class=\"p1\">Tras el \u00e9xito de nuestro anterior viaje en 2024, EuroClass se enorgullece de ofrecer una nueva aventura para 2026. Aunque el lugar exacto y los costes a\u00fan est\u00e1n por decidir, \u00a1estamos planeando un viaje que promete ser tan extraordinario como el primero!<\/p>\n<p class=\"p3\"><b>Una oportunidad excepcional para los j\u00f3venes deportistas<\/b><b><\/b><\/p>\n<p class=\"p1\">Los equipos sub 11 y sub 13 tendr\u00e1n la oportunidad de participar en un torneo de alto nivel, al tiempo que descubren lugares emblem\u00e1ticos y viven experiencias internacionales enriquecedoras.<\/p>\n<p class=\"p1\">\n\t\t\t\t\t\t\t\t<\/div>\n\t\t\t\t<\/div>\n\t\t\t\t<div class=\"elementor-element elementor-element-9aff3f7 elementor-align-center elementor-invisible elementor-widget elementor-widget-button\" data-id=\"9aff3f7\" data-element_type=\"widget\" data-e-type=\"widget\" data-settings=\"{&quot;_animation&quot;:&quot;fadeInUp&quot;}\" data-widget_type=\"button.default\">\n\t\t\t\t<div class=\"elementor-widget-container\">\n\t\t\t\t\t\t\t\t\t<div class=\"elementor-button-wrapper\">\n\t\t\t\t\t<a class=\"elementor-button elementor-button-link elementor-size-sm elementor-animation-sink\" href=\"https:\/\/euroclass.soccer\/es\/contact-us\/\">\n\t\t\t\t\t\t<span class=\"elementor-button-content-wrapper\">\n\t\t\t\t\t\t\t\t\t<span class=\"elementor-button-text\">ponte en contacto con nosotros<\/span>\n\t\t\t\t\t<\/span>\n\t\t\t\t\t<\/a>\n\t\t\t\t<\/div>\n\t\t\t\t\t\t\t\t<\/div>\n\t\t\t\t<\/div>\n\t\t\t\t\t<\/div>\n\t\t<\/div>\n\t\t\t\t\t<\/div>\n\t\t<\/section>\n\t\t\t\t\t<\/div>\n\t\t<\/div>\n\t\t\t\t\t<\/div>\n\t\t<\/section>\n\t\t\t\t<section class=\"elementor-section elementor-top-section elementor-element elementor-element-fde7acf elementor-section-content-middle elementor-section-boxed elementor-section-height-default elementor-section-height-default\" data-id=\"fde7acf\" data-element_type=\"section\" data-e-type=\"section\">\n\t\t\t\t\t\t<div class=\"elementor-container elementor-column-gap-no\">\n\t\t\t\t\t<div class=\"elementor-column elementor-col-50 elementor-top-column elementor-element elementor-element-512d1a6\" data-id=\"512d1a6\" data-element_type=\"column\" data-e-type=\"column\" data-settings=\"{&quot;background_background&quot;:&quot;classic&quot;}\">\n\t\t\t<div class=\"elementor-widget-wrap elementor-element-populated\">\n\t\t\t\t\t\t<div class=\"elementor-element elementor-element-94624c7 elementor-widget elementor-widget-heading\" data-id=\"94624c7\" data-element_type=\"widget\" data-e-type=\"widget\" data-widget_type=\"heading.default\">\n\t\t\t\t<div class=\"elementor-widget-container\">\n\t\t\t\t\t<h2 class=\"elementor-heading-title elementor-size-default\">Informaci\u00f3n futura<\/h2>\t\t\t\t<\/div>\n\t\t\t\t<\/div>\n\t\t\t\t<div class=\"elementor-element elementor-element-da9d023 elementor-widget elementor-widget-spacer\" data-id=\"da9d023\" data-element_type=\"widget\" data-e-type=\"widget\" data-widget_type=\"spacer.default\">\n\t\t\t\t<div class=\"elementor-widget-container\">\n\t\t\t\t\t\t\t<div class=\"elementor-spacer\">\n\t\t\t<div class=\"elementor-spacer-inner\"><\/div>\n\t\t<\/div>\n\t\t\t\t\t\t<\/div>\n\t\t\t\t<\/div>\n\t\t\t\t<div class=\"elementor-element elementor-element-0f16128 elementor-widget elementor-widget-text-editor\" data-id=\"0f16128\" data-element_type=\"widget\" data-e-type=\"widget\" data-widget_type=\"text-editor.default\">\n\t\t\t\t<div class=\"elementor-widget-container\">\n\t\t\t\t\t\t\t\t\t<p class=\"p4\"><b>-Categor\u00edas de<\/b> edad: Sub11 (2014) y Sub13 (2012)<\/p>\n<p class=\"p4\"><b>-Periodo<\/b>: fechas exactas por confirmar<\/p>\n<p class=\"p4\"><b>-Lugar<\/b>: Destino por confirmar<\/p>\n<p class=\"p4\"><b>Programa<\/b>: Torneo de varios d\u00edas, visitas culturales, actividades deportivas y mucho m\u00e1s<\/p>\n<p class=\"p3\"><b>Selecciones<\/b><b><\/b><\/p>\n<p class=\"p1\">Las selecciones estar\u00e1n abiertas a todos los jugadores masculinos de Quebec, con el requisito de asistir al menos al 80% de las sesiones preparatorias. Estas sesiones costar\u00e1n aproximadamente 350 $ por sesi\u00f3n para los j\u00f3venes que no pertenezcan a la Academia EuroClass (lugar por confirmar).<\/p>\n<p class=\"p3\"><b>Coste estimado<\/b><b><\/b><\/p>\n<p class=\"p1\">El coste final del viaje se anunciar\u00e1 m\u00e1s adelante, pero se calcula que rondar\u00e1 los 3.750 d\u00f3lares. Los costes incluir\u00e1n vuelos, alojamiento, comida, actividades y partidos del torneo.<\/p>\n<p class=\"p3\"><b>Coste de las selecciones<\/b><b><\/b><\/p>\n<p class=\"p4\"><b>-1\u00aa ronda<\/b>: 70 $ + impuestos (incluye camiseta para las pruebas). Gratis para los jugadores de la Academia EuroClass<\/p>\n<p class=\"p4\"><b>-2\u00aa ronda<\/b>: Gratis para los jugadores seleccionados<\/p>\n<p class=\"p3\"><b>Pr\u00f3ximos pasos<\/b><b><\/b><\/p>\n<p class=\"p1\">Te mantendremos informado en cuanto se confirmen los detalles del viaje. Mientras tanto, \u00a1prep\u00e1rate para una aventura excepcional en 2026 con EuroClass! \u26bd\ufe0f\u2708\ufe0f<\/p>\n\t\t\t\t\t\t\t\t<\/div>\n\t\t\t\t<\/div>\n\t\t\t\t<div class=\"elementor-element elementor-element-15fceb8 elementor-align-center elementor-invisible elementor-widget elementor-widget-button\" data-id=\"15fceb8\" data-element_type=\"widget\" data-e-type=\"widget\" data-settings=\"{&quot;_animation&quot;:&quot;fadeInUp&quot;}\" data-widget_type=\"button.default\">\n\t\t\t\t<div class=\"elementor-widget-container\">\n\t\t\t\t\t\t\t\t\t<div class=\"elementor-button-wrapper\">\n\t\t\t\t\t<a class=\"elementor-button elementor-button-link elementor-size-sm elementor-animation-sink\" href=\"https:\/\/euroclass.soccer\/es\/contact-us\/\">\n\t\t\t\t\t\t<span class=\"elementor-button-content-wrapper\">\n\t\t\t\t\t\t\t\t\t<span class=\"elementor-button-text\">ponte en contacto con nosotros<\/span>\n\t\t\t\t\t<\/span>\n\t\t\t\t\t<\/a>\n\t\t\t\t<\/div>\n\t\t\t\t\t\t\t\t<\/div>\n\t\t\t\t<\/div>\n\t\t\t\t\t<\/div>\n\t\t<\/div>\n\t\t\t\t<div class=\"elementor-column elementor-col-50 elementor-top-column elementor-element elementor-element-c3081fb\" data-id=\"c3081fb\" data-element_type=\"column\" data-e-type=\"column\" data-settings=\"{&quot;background_background&quot;:&quot;classic&quot;}\">\n\t\t\t<div class=\"elementor-widget-wrap elementor-element-populated\">\n\t\t\t\t\t\t<section class=\"elementor-section elementor-inner-section elementor-element elementor-element-b8fcb8d elementor-section-full_width elementor-section-height-default elementor-section-height-default\" data-id=\"b8fcb8d\" data-element_type=\"section\" data-e-type=\"section\" data-settings=\"{&quot;background_background&quot;:&quot;classic&quot;}\">\n\t\t\t\t\t\t<div class=\"elementor-container elementor-column-gap-no\">\n\t\t\t\t\t<div class=\"elementor-column elementor-col-100 elementor-inner-column elementor-element elementor-element-edbe2f2\" data-id=\"edbe2f2\" data-element_type=\"column\" data-e-type=\"column\" data-settings=\"{&quot;background_background&quot;:&quot;classic&quot;}\">\n\t\t\t<div class=\"elementor-widget-wrap elementor-element-populated\">\n\t\t\t\t\t\t<div class=\"elementor-element elementor-element-5d10701 elementor-widget elementor-widget-spacer\" data-id=\"5d10701\" data-element_type=\"widget\" data-e-type=\"widget\" data-widget_type=\"spacer.default\">\n\t\t\t\t<div class=\"elementor-widget-container\">\n\t\t\t\t\t\t\t<div class=\"elementor-spacer\">\n\t\t\t<div class=\"elementor-spacer-inner\"><\/div>\n\t\t<\/div>\n\t\t\t\t\t\t<\/div>\n\t\t\t\t<\/div>\n\t\t\t\t<div class=\"elementor-element elementor-element-f7e42e8 elementor-widget elementor-widget-video\" data-id=\"f7e42e8\" data-element_type=\"widget\" data-e-type=\"widget\" data-settings=\"{&quot;video_type&quot;:&quot;hosted&quot;,&quot;mute&quot;:&quot;yes&quot;,&quot;controls&quot;:&quot;yes&quot;}\" data-widget_type=\"video.default\">\n\t\t\t\t<div class=\"elementor-widget-container\">\n\t\t\t\t\t\t\t<div class=\"e-hosted-video elementor-wrapper elementor-open-inline\">\n\t\t\t\t\t<video class=\"elementor-video\" src=\"https:\/\/euroclass.soccer\/wp-content\/uploads\/2024\/12\/1225.mp4\" controls=\"\" preload=\"metadata\" muted=\"muted\" controlsList=\"nodownload\" poster=\"https:\/\/euroclass.soccer\/wp-content\/uploads\/2024\/12\/Flag_of_Spain.svg\"><\/video>\n\t\t\t\t<\/div>\n\t\t\t\t\t\t<\/div>\n\t\t\t\t<\/div>\n\t\t\t\t\t<\/div>\n\t\t<\/div>\n\t\t\t\t\t<\/div>\n\t\t<\/section>\n\t\t\t\t\t<\/div>\n\t\t<\/div>\n\t\t\t\t\t<\/div>\n\t\t<\/section>\n\t\t\t\t<\/div>\n\t\t","protected":false},"excerpt":{"rendered":"<p>torneos internacionales Viaje EuroClass 2026: \u00a1Una experiencia \u00fanica por venir! Tras el \u00e9xito de nuestro anterior viaje en 2024, EuroClass se enorgullece de ofrecer una nueva aventura para 2026. Aunque el lugar exacto y los costes a\u00fan est\u00e1n por decidir, \u00a1estamos planeando un viaje que promete ser tan extraordinario como el primero! Una oportunidad excepcional [&hellip;]<\/p>\n","protected":false},"author":1,"featured_media":0,"parent":0,"menu_order":0,"comment_status":"closed","ping_status":"closed","template":"elementor_header_footer","meta":{"footnotes":""},"class_list":["post-8361","page","type-page","status-publish","hentry"],"_links":{"self":[{"href":"https:\/\/euroclass.soccer\/es\/wp-json\/wp\/v2\/pages\/8361","targetHints":{"allow":["GET"]}}],"collection":[{"href":"https:\/\/euroclass.soccer\/es\/wp-json\/wp\/v2\/pages"}],"about":[{"href":"https:\/\/euroclass.soccer\/es\/wp-json\/wp\/v2\/types\/page"}],"author":[{"embeddable":true,"href":"https:\/\/euroclass.soccer\/es\/wp-json\/wp\/v2\/users\/1"}],"replies":[{"embeddable":true,"href":"https:\/\/euroclass.soccer\/es\/wp-json\/wp\/v2\/comments?post=8361"}],"version-history":[{"count":1,"href":"https:\/\/euroclass.soccer\/es\/wp-json\/wp\/v2\/pages\/8361\/revisions"}],"predecessor-version":[{"id":8362,"href":"https:\/\/euroclass.soccer\/es\/wp-json\/wp\/v2\/pages\/8361\/revisions\/8362"}],"wp:attachment":[{"href":"https:\/\/euroclass.soccer\/es\/wp-json\/wp\/v2\/media?parent=8361"}],"curies":[{"name":"wp","href":"https:\/\/api.w.org\/{rel}","templated":true}]}}