{"id":7970,"date":"2023-07-20T10:38:51","date_gmt":"2023-07-20T10:38:51","guid":{"rendered":"https:\/\/euroclass.soccer\/campamentos-relache\/"},"modified":"2024-12-28T08:18:15","modified_gmt":"2024-12-28T08:18:15","slug":"campamentos-relache","status":"publish","type":"page","link":"https:\/\/euroclass.soccer\/es\/campamentos-relache\/","title":{"rendered":"Campamentos de d\u00eda"},"content":{"rendered":"\t\t<div data-elementor-type=\"wp-page\" data-elementor-id=\"7970\" class=\"elementor elementor-7970 elementor-5808\" data-elementor-settings=\"{&quot;ha_cmc_init_switcher&quot;:&quot;no&quot;}\" data-elementor-post-type=\"page\">\n\t\t\t\t\t\t<section class=\"elementor-section elementor-top-section elementor-element elementor-element-96e6c27 elementor-section-height-min-height elementor-section-full_width elementor-section-height-default elementor-section-items-middle\" data-id=\"96e6c27\" data-element_type=\"section\" data-e-type=\"section\" data-settings=\"{&quot;background_background&quot;:&quot;classic&quot;}\">\n\t\t\t\t\t\t\t<div class=\"elementor-background-overlay\"><\/div>\n\t\t\t\t\t\t\t<div class=\"elementor-container elementor-column-gap-no\">\n\t\t\t\t\t<div class=\"elementor-column elementor-col-100 elementor-top-column elementor-element elementor-element-14fcd2f\" data-id=\"14fcd2f\" data-element_type=\"column\" data-e-type=\"column\">\n\t\t\t<div class=\"elementor-widget-wrap\">\n\t\t\t\t\t\t\t<\/div>\n\t\t<\/div>\n\t\t\t\t\t<\/div>\n\t\t<\/section>\n\t\t\t\t<section class=\"elementor-section elementor-top-section elementor-element elementor-element-de346ed elementor-section-boxed elementor-section-height-default elementor-section-height-default\" data-id=\"de346ed\" data-element_type=\"section\" data-e-type=\"section\">\n\t\t\t\t\t\t<div class=\"elementor-container elementor-column-gap-default\">\n\t\t\t\t\t<div class=\"elementor-column elementor-col-100 elementor-top-column elementor-element elementor-element-1089bcd\" data-id=\"1089bcd\" data-element_type=\"column\" data-e-type=\"column\" data-settings=\"{&quot;background_background&quot;:&quot;classic&quot;}\">\n\t\t\t<div class=\"elementor-widget-wrap elementor-element-populated\">\n\t\t\t\t\t\t<div class=\"elementor-element elementor-element-40ab5d1 elementor-widget elementor-widget-heading\" data-id=\"40ab5d1\" data-element_type=\"widget\" data-e-type=\"widget\" data-widget_type=\"heading.default\">\n\t\t\t\t<div class=\"elementor-widget-container\">\n\t\t\t\t\t<h2 class=\"elementor-heading-title elementor-size-default\">CAMPAMENTO DE D\u00cdA<\/h2>\t\t\t\t<\/div>\n\t\t\t\t<\/div>\n\t\t\t\t\t<\/div>\n\t\t<\/div>\n\t\t\t\t\t<\/div>\n\t\t<\/section>\n\t\t\t\t<section class=\"elementor-section elementor-inner-section elementor-element elementor-element-c42f571 elementor-section-boxed elementor-section-height-default elementor-section-height-default\" data-id=\"c42f571\" data-element_type=\"section\" data-e-type=\"section\">\n\t\t\t\t\t\t<div class=\"elementor-container elementor-column-gap-default\">\n\t\t\t\t\t<div class=\"elementor-column elementor-col-50 elementor-inner-column elementor-element elementor-element-1cbc0d0\" data-id=\"1cbc0d0\" data-element_type=\"column\" data-e-type=\"column\" data-settings=\"{&quot;background_background&quot;:&quot;classic&quot;}\">\n\t\t\t<div class=\"elementor-widget-wrap elementor-element-populated\">\n\t\t\t\t\t\t<div class=\"elementor-element elementor-element-7e91cf4 elementor-widget elementor-widget-heading\" data-id=\"7e91cf4\" data-element_type=\"widget\" data-e-type=\"widget\" data-widget_type=\"heading.default\">\n\t\t\t\t<div class=\"elementor-widget-container\">\n\t\t\t\t\t<h2 class=\"elementor-heading-title elementor-size-default\">PROGRAMME<\/h2>\t\t\t\t<\/div>\n\t\t\t\t<\/div>\n\t\t\t\t<div class=\"elementor-element elementor-element-941e2fe elementor-widget elementor-widget-text-editor\" data-id=\"941e2fe\" data-element_type=\"widget\" data-e-type=\"widget\" data-widget_type=\"text-editor.default\">\n\t\t\t\t<div class=\"elementor-widget-container\">\n\t\t\t\t\t\t\t\t\t<p><strong>Tiempo libre:<\/strong> Disfruta de tiempo libre con juegos de mesa, juegos de PS5 y Binho ball para una merecida relajaci\u00f3n.<\/p>\n<p><strong>Exterior:<\/strong> \u00a1Creemos en el poder de la naturaleza! Adem\u00e1s de nuestras instalaciones interiores con aire acondicionado, algunas actividades tendr\u00e1n lugar al aire libre, ofreciendo a los campistas una experiencia divertida y gratificante bajo el sol.<\/p>\n<p><strong>3v3<\/strong>: Participa en partidos de f\u00fatbol 3 contra 3. Espinilleras obligatorias para jugar<\/p>\n<p><\/p>\t\t\t\t\t\t\t\t<\/div>\n\t\t\t\t<\/div>\n\t\t\t\t<div class=\"elementor-element elementor-element-7f0c052 elementor-align-center elementor-invisible elementor-widget elementor-widget-button\" data-id=\"7f0c052\" data-element_type=\"widget\" data-e-type=\"widget\" data-settings=\"{&quot;_animation&quot;:&quot;fadeInUp&quot;}\" data-widget_type=\"button.default\">\n\t\t\t\t<div class=\"elementor-widget-container\">\n\t\t\t\t\t\t\t\t\t<div class=\"elementor-button-wrapper\">\n\t\t\t\t\t<a class=\"elementor-button elementor-button-link elementor-size-sm elementor-animation-sink\" href=\"#res\">\n\t\t\t\t\t\t<span class=\"elementor-button-content-wrapper\">\n\t\t\t\t\t\t\t\t\t<span class=\"elementor-button-text\">\u00a1reserve ahora!<\/span>\n\t\t\t\t\t<\/span>\n\t\t\t\t\t<\/a>\n\t\t\t\t<\/div>\n\t\t\t\t\t\t\t\t<\/div>\n\t\t\t\t<\/div>\n\t\t\t\t\t<\/div>\n\t\t<\/div>\n\t\t\t\t<div class=\"elementor-column elementor-col-50 elementor-inner-column elementor-element elementor-element-03c747d\" data-id=\"03c747d\" data-element_type=\"column\" data-e-type=\"column\">\n\t\t\t<div class=\"elementor-widget-wrap elementor-element-populated\">\n\t\t\t\t\t\t<div class=\"elementor-element elementor-element-86b67bf elementor-widget elementor-widget-spacer\" data-id=\"86b67bf\" data-element_type=\"widget\" data-e-type=\"widget\" data-widget_type=\"spacer.default\">\n\t\t\t\t<div class=\"elementor-widget-container\">\n\t\t\t\t\t\t\t<div class=\"elementor-spacer\">\n\t\t\t<div class=\"elementor-spacer-inner\"><\/div>\n\t\t<\/div>\n\t\t\t\t\t\t<\/div>\n\t\t\t\t<\/div>\n\t\t\t\t<div class=\"elementor-element elementor-element-19df013 elementor-widget elementor-widget-image\" data-id=\"19df013\" data-element_type=\"widget\" data-e-type=\"widget\" data-widget_type=\"image.default\">\n\t\t\t\t<div class=\"elementor-widget-container\">\n\t\t\t\t\t\t\t\t\t\t\t\t\t\t\t<img fetchpriority=\"high\" decoding=\"async\" width=\"800\" height=\"599\" src=\"https:\/\/euroclass.soccer\/wp-content\/uploads\/2022\/03\/NBLBi243SnOp3vdUpg6TrA-1-1024x767.jpg\" class=\"attachment-large size-large wp-image-640\" alt=\"Camp de jour\" srcset=\"https:\/\/euroclass.soccer\/wp-content\/uploads\/2022\/03\/NBLBi243SnOp3vdUpg6TrA-1-1024x767.jpg 1024w, https:\/\/euroclass.soccer\/wp-content\/uploads\/2022\/03\/NBLBi243SnOp3vdUpg6TrA-1-600x450.jpg 600w, https:\/\/euroclass.soccer\/wp-content\/uploads\/2022\/03\/NBLBi243SnOp3vdUpg6TrA-1-300x225.jpg 300w, https:\/\/euroclass.soccer\/wp-content\/uploads\/2022\/03\/NBLBi243SnOp3vdUpg6TrA-1-768x576.jpg 768w, https:\/\/euroclass.soccer\/wp-content\/uploads\/2022\/03\/NBLBi243SnOp3vdUpg6TrA-1.jpg 1249w\" sizes=\"(max-width: 800px) 100vw, 800px\" title=\"\">\t\t\t\t\t\t\t\t\t\t\t\t\t\t\t<\/div>\n\t\t\t\t<\/div>\n\t\t\t\t\t<\/div>\n\t\t<\/div>\n\t\t\t\t\t<\/div>\n\t\t<\/section>\n\t\t\t\t<section class=\"elementor-section elementor-top-section elementor-element elementor-element-663e615 elementor-section-boxed elementor-section-height-default elementor-section-height-default\" data-id=\"663e615\" data-element_type=\"section\" data-e-type=\"section\">\n\t\t\t\t\t\t<div class=\"elementor-container elementor-column-gap-default\">\n\t\t\t\t\t<div class=\"elementor-column elementor-col-100 elementor-top-column elementor-element elementor-element-3a41e4c\" data-id=\"3a41e4c\" data-element_type=\"column\" data-e-type=\"column\">\n\t\t\t<div class=\"elementor-widget-wrap elementor-element-populated\">\n\t\t\t\t\t\t<section class=\"elementor-section elementor-inner-section elementor-element elementor-element-8a70eb3 elementor-section-boxed elementor-section-height-default elementor-section-height-default\" data-id=\"8a70eb3\" data-element_type=\"section\" data-e-type=\"section\">\n\t\t\t\t\t\t<div class=\"elementor-container elementor-column-gap-default\">\n\t\t\t\t\t<div class=\"elementor-column elementor-col-50 elementor-inner-column elementor-element elementor-element-be662f0\" data-id=\"be662f0\" data-element_type=\"column\" data-e-type=\"column\">\n\t\t\t<div class=\"elementor-widget-wrap elementor-element-populated\">\n\t\t\t\t\t\t<div class=\"elementor-element elementor-element-7634648 elementor-widget elementor-widget-spacer\" data-id=\"7634648\" data-element_type=\"widget\" data-e-type=\"widget\" data-widget_type=\"spacer.default\">\n\t\t\t\t<div class=\"elementor-widget-container\">\n\t\t\t\t\t\t\t<div class=\"elementor-spacer\">\n\t\t\t<div class=\"elementor-spacer-inner\"><\/div>\n\t\t<\/div>\n\t\t\t\t\t\t<\/div>\n\t\t\t\t<\/div>\n\t\t\t\t<div class=\"elementor-element elementor-element-b2ca1af elementor-widget elementor-widget-image\" data-id=\"b2ca1af\" data-element_type=\"widget\" data-e-type=\"widget\" data-widget_type=\"image.default\">\n\t\t\t\t<div class=\"elementor-widget-container\">\n\t\t\t\t\t\t\t\t\t\t\t\t\t\t\t<img decoding=\"async\" width=\"800\" height=\"600\" src=\"https:\/\/euroclass.soccer\/wp-content\/uploads\/2023\/06\/IMG_1921-1024x768.jpeg\" class=\"attachment-large size-large wp-image-5397\" alt=\"\" srcset=\"https:\/\/euroclass.soccer\/wp-content\/uploads\/2023\/06\/IMG_1921-1024x768.jpeg 1024w, https:\/\/euroclass.soccer\/wp-content\/uploads\/2023\/06\/IMG_1921-300x225.jpeg 300w, https:\/\/euroclass.soccer\/wp-content\/uploads\/2023\/06\/IMG_1921-768x576.jpeg 768w, https:\/\/euroclass.soccer\/wp-content\/uploads\/2023\/06\/IMG_1921-1536x1152.jpeg 1536w, https:\/\/euroclass.soccer\/wp-content\/uploads\/2023\/06\/IMG_1921-2048x1536.jpeg 2048w\" sizes=\"(max-width: 800px) 100vw, 800px\" title=\"\">\t\t\t\t\t\t\t\t\t\t\t\t\t\t\t<\/div>\n\t\t\t\t<\/div>\n\t\t\t\t\t<\/div>\n\t\t<\/div>\n\t\t\t\t<div class=\"elementor-column elementor-col-50 elementor-inner-column elementor-element elementor-element-ca2cd81\" data-id=\"ca2cd81\" data-element_type=\"column\" data-e-type=\"column\" data-settings=\"{&quot;background_background&quot;:&quot;classic&quot;}\">\n\t\t\t<div class=\"elementor-widget-wrap elementor-element-populated\">\n\t\t\t\t\t\t<div class=\"elementor-element elementor-element-3e187e8 elementor-widget elementor-widget-text-editor\" data-id=\"3e187e8\" data-element_type=\"widget\" data-e-type=\"widget\" data-widget_type=\"text-editor.default\">\n\t\t\t\t<div class=\"elementor-widget-container\">\n\t\t\t\t\t\t\t\t\t<p>\u00danete a un grupo de j\u00f3venes jugadores a partir de 8 a\u00f1os para vivir la experiencia definitiva en un campamento de f\u00fatbol. Ejercicios, sesiones t\u00e9cnicas y juegos, todo ello dirigido por entrenadores cualificados. Todo en el primer centro EuroClass del mundo.<\/p>\n\t\t\t\t\t\t\t\t<\/div>\n\t\t\t\t<\/div>\n\t\t\t\t<div class=\"elementor-element elementor-element-e5d1b62 elementor-widget elementor-widget-heading\" data-id=\"e5d1b62\" data-element_type=\"widget\" data-e-type=\"widget\" data-widget_type=\"heading.default\">\n\t\t\t\t<div class=\"elementor-widget-container\">\n\t\t\t\t\t<h2 class=\"elementor-heading-title elementor-size-default\">Servicios<\/h2>\t\t\t\t<\/div>\n\t\t\t\t<\/div>\n\t\t\t\t<div class=\"elementor-element elementor-element-336ee5d elementor-widget elementor-widget-text-editor\" data-id=\"336ee5d\" data-element_type=\"widget\" data-e-type=\"widget\" data-widget_type=\"text-editor.default\">\n\t\t\t\t<div class=\"elementor-widget-container\">\n\t\t\t\t\t\t\t\t\t<ul>\n<li>5 d\u00edas<\/li>\n<li>Chaleco de la Academia<\/li>\n<li>Un tema diferente cada d\u00eda<\/li>\n<li>Torneo el \u00faltimo d\u00eda.<\/li>\n<li>Guarder\u00eda disponible por las ma\u00f1anas y por las tardes (5 $\/ma\u00f1ana, 5 $\/tarde) De 8:30 a 9:00 h. y de 15:00 a 17:00 h.<\/li>\n<\/ul>\n\t\t\t\t\t\t\t\t<\/div>\n\t\t\t\t<\/div>\n\t\t\t\t<div class=\"elementor-element elementor-element-e16f666 elementor-align-center elementor-invisible elementor-widget elementor-widget-button\" data-id=\"e16f666\" data-element_type=\"widget\" data-e-type=\"widget\" data-settings=\"{&quot;_animation&quot;:&quot;fadeInUp&quot;}\" data-widget_type=\"button.default\">\n\t\t\t\t<div class=\"elementor-widget-container\">\n\t\t\t\t\t\t\t\t\t<div class=\"elementor-button-wrapper\">\n\t\t\t\t\t<a class=\"elementor-button elementor-button-link elementor-size-sm elementor-animation-sink\" href=\"#res\">\n\t\t\t\t\t\t<span class=\"elementor-button-content-wrapper\">\n\t\t\t\t\t\t\t\t\t<span class=\"elementor-button-text\">\u00a1reserve ahora!<\/span>\n\t\t\t\t\t<\/span>\n\t\t\t\t\t<\/a>\n\t\t\t\t<\/div>\n\t\t\t\t\t\t\t\t<\/div>\n\t\t\t\t<\/div>\n\t\t\t\t\t<\/div>\n\t\t<\/div>\n\t\t\t\t\t<\/div>\n\t\t<\/section>\n\t\t\t\t\t<\/div>\n\t\t<\/div>\n\t\t\t\t\t<\/div>\n\t\t<\/section>\n\t\t\t\t<section class=\"elementor-section elementor-top-section elementor-element elementor-element-ff23a2f elementor-section-boxed elementor-section-height-default elementor-section-height-default\" data-id=\"ff23a2f\" data-element_type=\"section\" data-e-type=\"section\">\n\t\t\t\t\t\t<div class=\"elementor-container elementor-column-gap-default\">\n\t\t\t\t\t<div class=\"elementor-column elementor-col-100 elementor-top-column elementor-element elementor-element-3f60aa8\" data-id=\"3f60aa8\" data-element_type=\"column\" data-e-type=\"column\">\n\t\t\t<div class=\"elementor-widget-wrap elementor-element-populated\">\n\t\t\t\t\t\t<div class=\"elementor-element elementor-element-7e621e4 elementor-widget elementor-widget-heading\" data-id=\"7e621e4\" data-element_type=\"widget\" data-e-type=\"widget\" data-widget_type=\"heading.default\">\n\t\t\t\t<div class=\"elementor-widget-container\">\n\t\t\t\t\t<h2 class=\"elementor-heading-title elementor-size-default\">RESERVA<\/h2>\t\t\t\t<\/div>\n\t\t\t\t<\/div>\n\t\t\t\t<div class=\"elementor-element elementor-element-4ad5421 elementor-widget elementor-widget-menu-anchor\" data-id=\"4ad5421\" data-element_type=\"widget\" data-e-type=\"widget\" data-widget_type=\"menu-anchor.default\">\n\t\t\t\t<div class=\"elementor-widget-container\">\n\t\t\t\t\t\t\t<div class=\"elementor-menu-anchor\" id=\"res\"><\/div>\n\t\t\t\t\t\t<\/div>\n\t\t\t\t<\/div>\n\t\t\t\t<div class=\"elementor-element elementor-element-baf3e11 elementor-widget elementor-widget-menu-anchor\" data-id=\"baf3e11\" data-element_type=\"widget\" data-e-type=\"widget\" data-widget_type=\"menu-anchor.default\">\n\t\t\t\t<div class=\"elementor-widget-container\">\n\t\t\t\t\t\t\t<div class=\"elementor-menu-anchor\" id=\"calendario\"><\/div>\n\t\t\t\t\t\t<\/div>\n\t\t\t\t<\/div>\n\t\t\t\t<div class=\"elementor-element elementor-element-02885be elementor-widget elementor-widget-html\" data-id=\"02885be\" data-element_type=\"widget\" data-e-type=\"widget\" data-widget_type=\"html.default\">\n\t\t\t\t<div class=\"elementor-widget-container\">\n\t\t\t\t\t<iframe src=\"https:\/\/app.glofox.com\/portal\/#\/branch\/6352f714d50b4139980c83e9\/courses?filters_courses=64b91236609850b4a1022458&amp;header=courses\" frameborder=\"0\" width=\"100%\" height=\"1500\"><\/iframe>\t\t\t\t<\/div>\n\t\t\t\t<\/div>\n\t\t\t\t\t<\/div>\n\t\t<\/div>\n\t\t\t\t\t<\/div>\n\t\t<\/section>\n\t\t\t\t<\/div>\n\t\t","protected":false},"excerpt":{"rendered":"<p>CAMPAMENTO DE D\u00cdA PROGRAMME Tiempo libre: Disfruta de tiempo libre con juegos de mesa, juegos de PS5 y Binho ball para una merecida relajaci\u00f3n. Exterior: \u00a1Creemos en el poder de la naturaleza! Adem\u00e1s de nuestras instalaciones interiores con aire acondicionado, algunas actividades tendr\u00e1n lugar al aire libre, ofreciendo a los campistas una experiencia divertida y [&hellip;]<\/p>\n","protected":false},"author":1,"featured_media":0,"parent":0,"menu_order":0,"comment_status":"closed","ping_status":"closed","template":"","meta":{"footnotes":""},"class_list":["post-7970","page","type-page","status-publish","hentry"],"_links":{"self":[{"href":"https:\/\/euroclass.soccer\/es\/wp-json\/wp\/v2\/pages\/7970","targetHints":{"allow":["GET"]}}],"collection":[{"href":"https:\/\/euroclass.soccer\/es\/wp-json\/wp\/v2\/pages"}],"about":[{"href":"https:\/\/euroclass.soccer\/es\/wp-json\/wp\/v2\/types\/page"}],"author":[{"embeddable":true,"href":"https:\/\/euroclass.soccer\/es\/wp-json\/wp\/v2\/users\/1"}],"replies":[{"embeddable":true,"href":"https:\/\/euroclass.soccer\/es\/wp-json\/wp\/v2\/comments?post=7970"}],"version-history":[{"count":4,"href":"https:\/\/euroclass.soccer\/es\/wp-json\/wp\/v2\/pages\/7970\/revisions"}],"predecessor-version":[{"id":9269,"href":"https:\/\/euroclass.soccer\/es\/wp-json\/wp\/v2\/pages\/7970\/revisions\/9269"}],"wp:attachment":[{"href":"https:\/\/euroclass.soccer\/es\/wp-json\/wp\/v2\/media?parent=7970"}],"curies":[{"name":"wp","href":"https:\/\/api.w.org\/{rel}","templated":true}]}}