{"id":1018,"date":"2022-03-30T18:01:35","date_gmt":"2022-03-30T18:01:35","guid":{"rendered":"https:\/\/euroclass.soccer\/vision\/"},"modified":"2023-03-22T02:10:16","modified_gmt":"2023-03-22T02:10:16","slug":"vision","status":"publish","type":"page","link":"https:\/\/euroclass.soccer\/es\/vision\/","title":{"rendered":"Visi\u00f3n"},"content":{"rendered":"\t\t<div data-elementor-type=\"wp-page\" data-elementor-id=\"1018\" class=\"elementor elementor-1018 elementor-336\" data-elementor-settings=\"{&quot;ha_cmc_init_switcher&quot;:&quot;no&quot;}\" data-elementor-post-type=\"page\">\n\t\t\t\t\t\t<section class=\"elementor-section elementor-top-section elementor-element elementor-element-ab7fac0 elementor-section-height-min-height elementor-section-full_width elementor-section-height-default elementor-section-items-middle\" data-id=\"ab7fac0\" data-element_type=\"section\" data-e-type=\"section\" data-settings=\"{&quot;background_background&quot;:&quot;video&quot;,&quot;background_video_link&quot;:&quot;https:\\\/\\\/youtu.be\\\/bzN-uoEDkxA&quot;}\">\n\t\t\t\t\t\t\t\t<div class=\"elementor-background-video-container elementor-hidden-mobile\">\n\t\t\t\t\t\t\t\t\t\t\t\t\t<div class=\"elementor-background-video-embed\" role=\"presentation\"><\/div>\n\t\t\t\t\t\t\t\t\t\t\t\t<\/div>\n\t\t\t\t\t\t\t\t\t<div class=\"elementor-background-overlay\"><\/div>\n\t\t\t\t\t\t\t<div class=\"elementor-container elementor-column-gap-no\">\n\t\t\t\t\t<div class=\"elementor-column elementor-col-100 elementor-top-column elementor-element elementor-element-6e561c5\" data-id=\"6e561c5\" data-element_type=\"column\" data-e-type=\"column\">\n\t\t\t<div class=\"elementor-widget-wrap\">\n\t\t\t\t\t\t\t<\/div>\n\t\t<\/div>\n\t\t\t\t\t<\/div>\n\t\t<\/section>\n\t\t\t\t<section class=\"elementor-section elementor-top-section elementor-element elementor-element-8a05e38 elementor-section-boxed elementor-section-height-default elementor-section-height-default\" data-id=\"8a05e38\" data-element_type=\"section\" data-e-type=\"section\">\n\t\t\t\t\t\t<div class=\"elementor-container elementor-column-gap-default\">\n\t\t\t\t\t<div class=\"elementor-column elementor-col-100 elementor-top-column elementor-element elementor-element-361b3b3\" data-id=\"361b3b3\" data-element_type=\"column\" data-e-type=\"column\" data-settings=\"{&quot;background_background&quot;:&quot;classic&quot;}\">\n\t\t\t<div class=\"elementor-widget-wrap elementor-element-populated\">\n\t\t\t\t\t\t<div class=\"elementor-element elementor-element-abb6582 elementor-widget elementor-widget-heading\" data-id=\"abb6582\" data-element_type=\"widget\" data-e-type=\"widget\" data-widget_type=\"heading.default\">\n\t\t\t\t<div class=\"elementor-widget-container\">\n\t\t\t\t\t<h2 class=\"elementor-heading-title elementor-size-default\">Visi\u00f3n<\/h2>\t\t\t\t<\/div>\n\t\t\t\t<\/div>\n\t\t\t\t\t<\/div>\n\t\t<\/div>\n\t\t\t\t\t<\/div>\n\t\t<\/section>\n\t\t\t\t<section class=\"elementor-section elementor-top-section elementor-element elementor-element-1d078c59 elementor-section-content-middle elementor-section-boxed elementor-section-height-default elementor-section-height-default\" data-id=\"1d078c59\" data-element_type=\"section\" data-e-type=\"section\">\n\t\t\t\t\t\t<div class=\"elementor-container elementor-column-gap-wide\">\n\t\t\t\t\t<div class=\"elementor-column elementor-col-50 elementor-top-column elementor-element elementor-element-5ee3c347\" data-id=\"5ee3c347\" data-element_type=\"column\" data-e-type=\"column\">\n\t\t\t<div class=\"elementor-widget-wrap elementor-element-populated\">\n\t\t\t\t\t\t<div class=\"elementor-element elementor-element-926dd8a elementor-widget elementor-widget-image\" data-id=\"926dd8a\" data-element_type=\"widget\" data-e-type=\"widget\" data-widget_type=\"image.default\">\n\t\t\t\t<div class=\"elementor-widget-container\">\n\t\t\t\t\t\t\t\t\t\t\t\t\t\t\t<img fetchpriority=\"high\" decoding=\"async\" width=\"800\" height=\"600\" src=\"https:\/\/euroclass.soccer\/wp-content\/uploads\/2022\/03\/IMG_20210328_012449-1024x768.jpg\" class=\"attachment-large size-large wp-image-692\" alt=\"\" srcset=\"https:\/\/euroclass.soccer\/wp-content\/uploads\/2022\/03\/IMG_20210328_012449-1024x768.jpg 1024w, https:\/\/euroclass.soccer\/wp-content\/uploads\/2022\/03\/IMG_20210328_012449-600x450.jpg 600w, https:\/\/euroclass.soccer\/wp-content\/uploads\/2022\/03\/IMG_20210328_012449-300x225.jpg 300w, https:\/\/euroclass.soccer\/wp-content\/uploads\/2022\/03\/IMG_20210328_012449-768x576.jpg 768w, https:\/\/euroclass.soccer\/wp-content\/uploads\/2022\/03\/IMG_20210328_012449.jpg 1344w\" sizes=\"(max-width: 800px) 100vw, 800px\" title=\"\">\t\t\t\t\t\t\t\t\t\t\t\t\t\t\t<\/div>\n\t\t\t\t<\/div>\n\t\t\t\t\t<\/div>\n\t\t<\/div>\n\t\t\t\t<div class=\"elementor-column elementor-col-50 elementor-top-column elementor-element elementor-element-40e3f1\" data-id=\"40e3f1\" data-element_type=\"column\" data-e-type=\"column\" data-settings=\"{&quot;background_background&quot;:&quot;classic&quot;}\">\n\t\t\t<div class=\"elementor-widget-wrap elementor-element-populated\">\n\t\t\t\t\t\t<div class=\"elementor-element elementor-element-5d084ac0 elementor-invisible elementor-widget elementor-widget-heading\" data-id=\"5d084ac0\" data-element_type=\"widget\" data-e-type=\"widget\" data-settings=\"{&quot;_animation&quot;:&quot;fadeIn&quot;}\" data-widget_type=\"heading.default\">\n\t\t\t\t<div class=\"elementor-widget-container\">\n\t\t\t\t\t<h5 class=\"elementor-heading-title elementor-size-medium\">EN CUANTO DESCUBR\u00cd EL F\u00daTBOL<\/h5>\t\t\t\t<\/div>\n\t\t\t\t<\/div>\n\t\t\t\t<div class=\"elementor-element elementor-element-40fc1fc2 elementor-widget elementor-widget-heading\" data-id=\"40fc1fc2\" data-element_type=\"widget\" data-e-type=\"widget\" data-widget_type=\"heading.default\">\n\t\t\t\t<div class=\"elementor-widget-container\">\n\t\t\t\t\t<h2 class=\"elementor-heading-title elementor-size-xxl\">Visi\u00f3n<\/h2>\t\t\t\t<\/div>\n\t\t\t\t<\/div>\n\t\t\t\t<div class=\"elementor-element elementor-element-1b36e9ff elementor-widget-divider--view-line elementor-invisible elementor-widget elementor-widget-divider\" data-id=\"1b36e9ff\" data-element_type=\"widget\" data-e-type=\"widget\" data-settings=\"{&quot;_animation&quot;:&quot;fadeInUp&quot;}\" data-widget_type=\"divider.default\">\n\t\t\t\t<div class=\"elementor-widget-container\">\n\t\t\t\t\t\t\t<div class=\"elementor-divider\">\n\t\t\t<span class=\"elementor-divider-separator\">\n\t\t\t\t\t\t<\/span>\n\t\t<\/div>\n\t\t\t\t\t\t<\/div>\n\t\t\t\t<\/div>\n\t\t\t\t<div class=\"elementor-element elementor-element-11ad4c2c elementor-widget elementor-widget-text-editor\" data-id=\"11ad4c2c\" data-element_type=\"widget\" data-e-type=\"widget\" data-widget_type=\"text-editor.default\">\n\t\t\t\t<div class=\"elementor-widget-container\">\n\t\t\t\t\t\t\t\t\t<p>En cuanto descubr\u00ed el f\u00fatbol, supe que quer\u00eda participar. Es un trabajo que no es para todo el mundo, hace falta amor por el deporte. La dedicaci\u00f3n, levantarse muy temprano por la ma\u00f1ana y preocuparse constantemente por el desarrollo de nuestros jugadores, implica incontables horas de planificaci\u00f3n y m\u00e1xima preparaci\u00f3n.<\/p>\n\t\t\t\t\t\t\t\t<\/div>\n\t\t\t\t<\/div>\n\t\t\t\t<div class=\"elementor-element elementor-element-7eaefd6 elementor-widget elementor-widget-text-editor\" data-id=\"7eaefd6\" data-element_type=\"widget\" data-e-type=\"widget\" data-widget_type=\"text-editor.default\">\n\t\t\t\t<div class=\"elementor-widget-container\">\n\t\t\t\t\t\t\t\t\t<p>Soy Louis B\u00e9dard, fundador de EuroClass. \u00a1Aqu\u00ed trabajamos con futuros campeones! Los jugadores de alto calibre de hoy en d\u00eda son extremadamente impresionantes t\u00e9cnicamente y me pareci\u00f3 que a menudo las sesiones de entrenamiento no hac\u00edan suficiente hincapi\u00e9 en la constancia y la intensidad que se necesitan para lograr un control perfecto del bal\u00f3n. Esta es una de las razones por las que fund\u00e9 EuroClass.<\/p>\n\t\t\t\t\t\t\t\t<\/div>\n\t\t\t\t<\/div>\n\t\t\t\t<div class=\"elementor-element elementor-element-82f9432 elementor-widget elementor-widget-text-editor\" data-id=\"82f9432\" data-element_type=\"widget\" data-e-type=\"widget\" data-widget_type=\"text-editor.default\">\n\t\t\t\t<div class=\"elementor-widget-container\">\n\t\t\t\t\t\t\t\t\t<p>Aqu\u00ed, la atenci\u00f3n se centra principalmente en el primer toque del bal\u00f3n y en la recopilaci\u00f3n de informaci\u00f3n. Es crucial en el f\u00fatbol. Dominar el primer toque es, en mi opini\u00f3n, una de las habilidades m\u00e1s importantes de los jugadores de alto calibre. Debe reconocerse y entenderse que \u00e9ste es el catalizador del siguiente paso. No importa lo que hayas planeado como secuencia; centrar, pasar, controlar o fintar, todo empieza con el primer toque.<\/p>\n\t\t\t\t\t\t\t\t<\/div>\n\t\t\t\t<\/div>\n\t\t\t\t<div class=\"elementor-element elementor-element-7bbd699 elementor-widget elementor-widget-text-editor\" data-id=\"7bbd699\" data-element_type=\"widget\" data-e-type=\"widget\" data-widget_type=\"text-editor.default\">\n\t\t\t\t<div class=\"elementor-widget-container\">\n\t\t\t\t\t\t\t\t\t<p>Si alguna vez tuviera el honor de ver a jugadores con los que he trabajado llegar a la Liga de Campeones, ser\u00eda sin duda uno de los momentos de mayor orgullo de mi vida. \u00c9sa es una de las principales motivaciones de todos los que hacemos lo que hacemos: la esperanza de ver alg\u00fan d\u00eda a uno de nuestros jugadores llegar a lo m\u00e1s alto.<\/p>\n\t\t\t\t\t\t\t\t<\/div>\n\t\t\t\t<\/div>\n\t\t\t\t<div class=\"elementor-element elementor-element-ad5c6c6 elementor-widget elementor-widget-image\" data-id=\"ad5c6c6\" data-element_type=\"widget\" data-e-type=\"widget\" data-widget_type=\"image.default\">\n\t\t\t\t<div class=\"elementor-widget-container\">\n\t\t\t\t\t\t\t\t\t\t\t\t\t\t\t<img decoding=\"async\" width=\"226\" height=\"58\" src=\"https:\/\/euroclass.soccer\/wp-content\/uploads\/2022\/03\/signature-e1587741191257.png\" class=\"attachment-large size-large wp-image-694\" alt=\"\" title=\"\">\t\t\t\t\t\t\t\t\t\t\t\t\t\t\t<\/div>\n\t\t\t\t<\/div>\n\t\t\t\t<div class=\"elementor-element elementor-element-5c61648 elementor-widget elementor-widget-text-editor\" data-id=\"5c61648\" data-element_type=\"widget\" data-e-type=\"widget\" data-widget_type=\"text-editor.default\">\n\t\t\t\t<div class=\"elementor-widget-container\">\n\t\t\t\t\t\t\t\t\t<p>Louis B\u00e9dard, fundador de EuroClass<\/p>\n\t\t\t\t\t\t\t\t<\/div>\n\t\t\t\t<\/div>\n\t\t\t\t\t<\/div>\n\t\t<\/div>\n\t\t\t\t\t<\/div>\n\t\t<\/section>\n\t\t\t\t<section class=\"elementor-section elementor-top-section elementor-element elementor-element-c438014 elementor-section-content-middle elementor-section-boxed elementor-section-height-default elementor-section-height-default\" data-id=\"c438014\" data-element_type=\"section\" data-e-type=\"section\">\n\t\t\t\t\t\t<div class=\"elementor-container elementor-column-gap-wide\">\n\t\t\t\t\t<div class=\"elementor-column elementor-col-50 elementor-top-column elementor-element elementor-element-7f283b3\" data-id=\"7f283b3\" data-element_type=\"column\" data-e-type=\"column\" data-settings=\"{&quot;background_background&quot;:&quot;classic&quot;}\">\n\t\t\t<div class=\"elementor-widget-wrap elementor-element-populated\">\n\t\t\t\t\t\t<div class=\"elementor-element elementor-element-d0d3548 elementor-invisible elementor-widget elementor-widget-heading\" data-id=\"d0d3548\" data-element_type=\"widget\" data-e-type=\"widget\" data-settings=\"{&quot;_animation&quot;:&quot;fadeIn&quot;}\" data-widget_type=\"heading.default\">\n\t\t\t\t<div class=\"elementor-widget-container\">\n\t\t\t\t\t<h5 class=\"elementor-heading-title elementor-size-medium\">SIGUIENDO SU PROPIA METODOLOG\u00cdA\n<\/h5>\t\t\t\t<\/div>\n\t\t\t\t<\/div>\n\t\t\t\t<div class=\"elementor-element elementor-element-102d3d7 elementor-widget elementor-widget-heading\" data-id=\"102d3d7\" data-element_type=\"widget\" data-e-type=\"widget\" data-widget_type=\"heading.default\">\n\t\t\t\t<div class=\"elementor-widget-container\">\n\t\t\t\t\t<h2 class=\"elementor-heading-title elementor-size-xxl\">Enfoque y metodolog\u00eda\n<\/h2>\t\t\t\t<\/div>\n\t\t\t\t<\/div>\n\t\t\t\t<div class=\"elementor-element elementor-element-0783ff8 elementor-widget-divider--view-line elementor-invisible elementor-widget elementor-widget-divider\" data-id=\"0783ff8\" data-element_type=\"widget\" data-e-type=\"widget\" data-settings=\"{&quot;_animation&quot;:&quot;fadeInUp&quot;}\" data-widget_type=\"divider.default\">\n\t\t\t\t<div class=\"elementor-widget-container\">\n\t\t\t\t\t\t\t<div class=\"elementor-divider\">\n\t\t\t<span class=\"elementor-divider-separator\">\n\t\t\t\t\t\t<\/span>\n\t\t<\/div>\n\t\t\t\t\t\t<\/div>\n\t\t\t\t<\/div>\n\t\t\t\t<div class=\"elementor-element elementor-element-0199cc2 elementor-widget elementor-widget-text-editor\" data-id=\"0199cc2\" data-element_type=\"widget\" data-e-type=\"widget\" data-widget_type=\"text-editor.default\">\n\t\t\t\t<div class=\"elementor-widget-container\">\n\t\t\t\t\t\t\t\t\tSiguiendo su propia metodolog\u00eda de \u00abense\u00f1ar el juego jugando el juego\u00bb, EuroClass utiliza los mismos principios de entrenamiento que emplean los grandes clubes profesionales como el Barcelona, el Real Madrid, la Juventus o los clubes ingleses. Nuestras sesiones de entrenamiento se basan principalmente en la calidad del primer toque del bal\u00f3n, la recopilaci\u00f3n de informaci\u00f3n, la comunicaci\u00f3n, la posesi\u00f3n y retenci\u00f3n del bal\u00f3n, el movimiento de los jugadores con y sin bal\u00f3n, la intensidad de las sesiones de entrenamiento, as\u00ed como la supervisi\u00f3n total del jugador.\n\n\t\t\t\t\t\t\t\t<\/div>\n\t\t\t\t<\/div>\n\t\t\t\t<div class=\"elementor-element elementor-element-ea4911d elementor-widget elementor-widget-text-editor\" data-id=\"ea4911d\" data-element_type=\"widget\" data-e-type=\"widget\" data-widget_type=\"text-editor.default\">\n\t\t\t\t<div class=\"elementor-widget-container\">\n\t\t\t\t\t\t\t\t\t<p>Todas las \u00e1reas, incluido el desarrollo t\u00e9cnico, el entrenamiento, el enfoque de la formaci\u00f3n y el desarrollo personal, est\u00e1n alineadas con nuestra metodolog\u00eda, que tantos \u00e9xitos ha proporcionado a los clubes en los \u00faltimos a\u00f1os. Los j\u00f3venes jugadores tendr\u00e1n la oportunidad de entrenarse en el mismo entorno que los equipos profesionales. Esta filosof\u00eda se aplica en todos los componentes de nuestros programas.<\/p>\n\t\t\t\t\t\t\t\t<\/div>\n\t\t\t\t<\/div>\n\t\t\t\t<div class=\"elementor-element elementor-element-1ae627e elementor-widget elementor-widget-text-editor\" data-id=\"1ae627e\" data-element_type=\"widget\" data-e-type=\"widget\" data-widget_type=\"text-editor.default\">\n\t\t\t\t<div class=\"elementor-widget-container\">\n\t\t\t\t\t\t\t\t\t<p>\u00bfY si el futbolista estuviera rodeado de un equipo de profesionales, como es el caso de un deportista que evoluciona en las m\u00e1s altas esferas del deporte? Esto es exactamente lo que ofrece EuroClass con su equipo de preparadores f\u00edsicos y mentales, nutricionistas y muchos otros que comparten nuestra misi\u00f3n de elevar la calidad del f\u00fatbol en Norteam\u00e9rica.<\/p>\n\t\t\t\t\t\t\t\t<\/div>\n\t\t\t\t<\/div>\n\t\t\t\t<div class=\"elementor-element elementor-element-98483ed elementor-widget elementor-widget-text-editor\" data-id=\"98483ed\" data-element_type=\"widget\" data-e-type=\"widget\" data-widget_type=\"text-editor.default\">\n\t\t\t\t<div class=\"elementor-widget-container\">\n\t\t\t\t\t\t\t\t\tValoramos a los jugadores dedicados y motivados, ya que creemos que es uno de los principales factores que contribuyen a su rendimiento y crecimiento.\n\nNotre but: Rendre votre enfant meilleur \u00e0 chaque fois qu\u2019il s\u2019entra\u00eene avec nous.\t\t\t\t\t\t\t\t<\/div>\n\t\t\t\t<\/div>\n\t\t\t\t\t<\/div>\n\t\t<\/div>\n\t\t\t\t<div class=\"elementor-column elementor-col-50 elementor-top-column elementor-element elementor-element-0d579ea\" data-id=\"0d579ea\" data-element_type=\"column\" data-e-type=\"column\">\n\t\t\t<div class=\"elementor-widget-wrap elementor-element-populated\">\n\t\t\t\t\t\t<div class=\"elementor-element elementor-element-eb11924 elementor-widget elementor-widget-image\" data-id=\"eb11924\" data-element_type=\"widget\" data-e-type=\"widget\" data-widget_type=\"image.default\">\n\t\t\t\t<div class=\"elementor-widget-container\">\n\t\t\t\t\t\t\t\t\t\t\t\t\t\t\t<img decoding=\"async\" width=\"768\" height=\"1024\" src=\"https:\/\/euroclass.soccer\/wp-content\/uploads\/2022\/03\/IMG_0515-768x1024.png\" class=\"attachment-large size-large wp-image-696\" alt=\"\" srcset=\"https:\/\/euroclass.soccer\/wp-content\/uploads\/2022\/03\/IMG_0515-768x1024.png 768w, https:\/\/euroclass.soccer\/wp-content\/uploads\/2022\/03\/IMG_0515-600x800.png 600w, https:\/\/euroclass.soccer\/wp-content\/uploads\/2022\/03\/IMG_0515-225x300.png 225w, https:\/\/euroclass.soccer\/wp-content\/uploads\/2022\/03\/IMG_0515-1152x1536.png 1152w, https:\/\/euroclass.soccer\/wp-content\/uploads\/2022\/03\/IMG_0515-1536x2048.png 1536w\" sizes=\"(max-width: 768px) 100vw, 768px\" title=\"\">\t\t\t\t\t\t\t\t\t\t\t\t\t\t\t<\/div>\n\t\t\t\t<\/div>\n\t\t\t\t\t<\/div>\n\t\t<\/div>\n\t\t\t\t\t<\/div>\n\t\t<\/section>\n\t\t\t\t<section class=\"elementor-section elementor-top-section elementor-element elementor-element-52d0d202 elementor-section-boxed elementor-section-height-default elementor-section-height-default\" data-id=\"52d0d202\" data-element_type=\"section\" data-e-type=\"section\" data-settings=\"{&quot;background_background&quot;:&quot;classic&quot;}\">\n\t\t\t\t\t\t<div class=\"elementor-container elementor-column-gap-default\">\n\t\t\t\t\t<div class=\"elementor-column elementor-col-100 elementor-top-column elementor-element elementor-element-5321d4af\" data-id=\"5321d4af\" data-element_type=\"column\" data-e-type=\"column\">\n\t\t\t<div class=\"elementor-widget-wrap elementor-element-populated\">\n\t\t\t\t\t\t<section class=\"elementor-section elementor-inner-section elementor-element elementor-element-4d081cec elementor-section-boxed elementor-section-height-default elementor-section-height-default\" data-id=\"4d081cec\" data-element_type=\"section\" data-e-type=\"section\">\n\t\t\t\t\t\t<div class=\"elementor-container elementor-column-gap-default\">\n\t\t\t\t\t<div class=\"elementor-column elementor-col-33 elementor-inner-column elementor-element elementor-element-aeb869a\" data-id=\"aeb869a\" data-element_type=\"column\" data-e-type=\"column\">\n\t\t\t<div class=\"elementor-widget-wrap elementor-element-populated\">\n\t\t\t\t\t\t<div class=\"elementor-element elementor-element-70484cd animated-fast elementor-invisible elementor-widget elementor-widget-image\" data-id=\"70484cd\" data-element_type=\"widget\" data-e-type=\"widget\" data-settings=\"{&quot;_animation&quot;:&quot;fadeInLeft&quot;}\" data-widget_type=\"image.default\">\n\t\t\t\t<div class=\"elementor-widget-container\">\n\t\t\t\t\t\t\t\t\t\t\t\t\t\t\t<img loading=\"lazy\" decoding=\"async\" width=\"800\" height=\"600\" src=\"https:\/\/euroclass.soccer\/wp-content\/uploads\/2022\/03\/IMG_1066-1024x768.png\" class=\"attachment-large size-large wp-image-704\" alt=\"\" srcset=\"https:\/\/euroclass.soccer\/wp-content\/uploads\/2022\/03\/IMG_1066-1024x768.png 1024w, https:\/\/euroclass.soccer\/wp-content\/uploads\/2022\/03\/IMG_1066-600x450.png 600w, https:\/\/euroclass.soccer\/wp-content\/uploads\/2022\/03\/IMG_1066-300x225.png 300w, https:\/\/euroclass.soccer\/wp-content\/uploads\/2022\/03\/IMG_1066-768x576.png 768w, https:\/\/euroclass.soccer\/wp-content\/uploads\/2022\/03\/IMG_1066-1536x1152.png 1536w, https:\/\/euroclass.soccer\/wp-content\/uploads\/2022\/03\/IMG_1066-2048x1536.png 2048w\" sizes=\"(max-width: 800px) 100vw, 800px\" title=\"\">\t\t\t\t\t\t\t\t\t\t\t\t\t\t\t<\/div>\n\t\t\t\t<\/div>\n\t\t\t\t\t<\/div>\n\t\t<\/div>\n\t\t\t\t<div class=\"elementor-column elementor-col-33 elementor-inner-column elementor-element elementor-element-37e4a053\" data-id=\"37e4a053\" data-element_type=\"column\" data-e-type=\"column\">\n\t\t\t<div class=\"elementor-widget-wrap elementor-element-populated\">\n\t\t\t\t\t\t<div class=\"elementor-element elementor-element-53df10e elementor-widget elementor-widget-video\" data-id=\"53df10e\" data-element_type=\"widget\" data-e-type=\"widget\" data-settings=\"{&quot;youtube_url&quot;:&quot;https:\\\/\\\/youtu.be\\\/pDL0iUJrr0o&quot;,&quot;video_type&quot;:&quot;youtube&quot;,&quot;controls&quot;:&quot;yes&quot;}\" data-widget_type=\"video.default\">\n\t\t\t\t<div class=\"elementor-widget-container\">\n\t\t\t\t\t\t\t<div class=\"elementor-wrapper elementor-open-inline\">\n\t\t\t<div class=\"elementor-video\"><\/div>\t\t<\/div>\n\t\t\t\t\t\t<\/div>\n\t\t\t\t<\/div>\n\t\t\t\t\t<\/div>\n\t\t<\/div>\n\t\t\t\t<div class=\"elementor-column elementor-col-33 elementor-inner-column elementor-element elementor-element-6593f193\" data-id=\"6593f193\" data-element_type=\"column\" data-e-type=\"column\">\n\t\t\t<div class=\"elementor-widget-wrap elementor-element-populated\">\n\t\t\t\t\t\t<div class=\"elementor-element elementor-element-78fc337e animated-fast elementor-invisible elementor-widget elementor-widget-image\" data-id=\"78fc337e\" data-element_type=\"widget\" data-e-type=\"widget\" data-settings=\"{&quot;_animation&quot;:&quot;fadeInLeft&quot;}\" data-widget_type=\"image.default\">\n\t\t\t\t<div class=\"elementor-widget-container\">\n\t\t\t\t\t\t\t\t\t\t\t\t\t\t\t<img loading=\"lazy\" decoding=\"async\" width=\"800\" height=\"600\" src=\"https:\/\/euroclass.soccer\/wp-content\/uploads\/2022\/03\/IMG_1066-1024x768.png\" class=\"attachment-large size-large wp-image-704\" alt=\"\" srcset=\"https:\/\/euroclass.soccer\/wp-content\/uploads\/2022\/03\/IMG_1066-1024x768.png 1024w, https:\/\/euroclass.soccer\/wp-content\/uploads\/2022\/03\/IMG_1066-600x450.png 600w, https:\/\/euroclass.soccer\/wp-content\/uploads\/2022\/03\/IMG_1066-300x225.png 300w, https:\/\/euroclass.soccer\/wp-content\/uploads\/2022\/03\/IMG_1066-768x576.png 768w, https:\/\/euroclass.soccer\/wp-content\/uploads\/2022\/03\/IMG_1066-1536x1152.png 1536w, https:\/\/euroclass.soccer\/wp-content\/uploads\/2022\/03\/IMG_1066-2048x1536.png 2048w\" sizes=\"(max-width: 800px) 100vw, 800px\" title=\"\">\t\t\t\t\t\t\t\t\t\t\t\t\t\t\t<\/div>\n\t\t\t\t<\/div>\n\t\t\t\t\t<\/div>\n\t\t<\/div>\n\t\t\t\t\t<\/div>\n\t\t<\/section>\n\t\t\t\t\t<\/div>\n\t\t<\/div>\n\t\t\t\t\t<\/div>\n\t\t<\/section>\n\t\t\t\t<\/div>\n\t\t","protected":false},"excerpt":{"rendered":"<p>Visi\u00f3n EN CUANTO DESCUBR\u00cd EL F\u00daTBOL Visi\u00f3n En cuanto descubr\u00ed el f\u00fatbol, supe que quer\u00eda participar. Es un trabajo que no es para todo el mundo, hace falta amor por el deporte. La dedicaci\u00f3n, levantarse muy temprano por la ma\u00f1ana y preocuparse constantemente por el desarrollo de nuestros jugadores, implica incontables horas de planificaci\u00f3n y [&hellip;]<\/p>\n","protected":false},"author":1,"featured_media":0,"parent":0,"menu_order":0,"comment_status":"closed","ping_status":"closed","template":"elementor_header_footer","meta":{"footnotes":""},"class_list":["post-1018","page","type-page","status-publish","hentry"],"_links":{"self":[{"href":"https:\/\/euroclass.soccer\/es\/wp-json\/wp\/v2\/pages\/1018","targetHints":{"allow":["GET"]}}],"collection":[{"href":"https:\/\/euroclass.soccer\/es\/wp-json\/wp\/v2\/pages"}],"about":[{"href":"https:\/\/euroclass.soccer\/es\/wp-json\/wp\/v2\/types\/page"}],"author":[{"embeddable":true,"href":"https:\/\/euroclass.soccer\/es\/wp-json\/wp\/v2\/users\/1"}],"replies":[{"embeddable":true,"href":"https:\/\/euroclass.soccer\/es\/wp-json\/wp\/v2\/comments?post=1018"}],"version-history":[{"count":0,"href":"https:\/\/euroclass.soccer\/es\/wp-json\/wp\/v2\/pages\/1018\/revisions"}],"wp:attachment":[{"href":"https:\/\/euroclass.soccer\/es\/wp-json\/wp\/v2\/media?parent=1018"}],"curies":[{"name":"wp","href":"https:\/\/api.w.org\/{rel}","templated":true}]}}